{"id":167,"date":"2012-03-21T16:43:09","date_gmt":"2012-03-21T15:43:09","guid":{"rendered":"http:\/\/annalubinski.com\/blog\/?page_id=167"},"modified":"2019-06-01T00:25:11","modified_gmt":"2019-05-31T22:25:11","slug":"about","status":"publish","type":"page","link":"http:\/\/annalubinski.com\/blog\/about\/","title":{"rendered":"\u00c0 propos &#8211; About"},"content":{"rendered":"<p>Bonjour,<\/p>\n<p>Je m&rsquo;appelle Anna, je suis une graphiste et illustratrice bas\u00e9e \u00e0 Paris.<\/p>\n<p class=\"fr\">Je suis une passionn\u00e9e de l&rsquo;image. J&rsquo;adore le cin\u00e9ma d&rsquo;animation, la bande dessin\u00e9e et les belles illustrations.<\/p>\n<p>J&rsquo;ai suivi une formation en graphisme et je suis une autodidacte en dessin.<\/p>\n<p>Toutes les images pr\u00e9sentes sur mon site ainsi que sur mes diff\u00e9rents r\u00e9seaux sociaux ne sont pas libres de droit, merci de ne pas les utiliser sans mon autorisation.<\/p>\n<p><em>Hello,<\/em><\/p>\n<p><em>My name is Anna, I&rsquo;m a graphic designer and illustrator based in Paris.<\/em><\/p>\n<p><em>I am passionate about the image. I love animation, comics, graphic novels and beautiful illustrations.<\/em><\/p>\n<p><em>I&rsquo;m a graphic designer and I am a self-taught illustrator.<\/em><\/p>\n<p><em>All the images on my site as well as on my various social networks are not free of rights, thank you not to use them without my permission.<\/em><\/p>\n<p><span style=\"border-radius: 2px; text-indent: 20px; width: auto; padding: 0px 4px 0px 0px; text-align: center; font: bold 11px\/20px 'Helvetica Neue',Helvetica,sans-serif; color: #ffffff; background: #bd081c no-repeat scroll 3px 50% \/ 14px 14px; position: absolute; opacity: 1; z-index: 8675309; display: none; cursor: pointer;\">Enregistrer<\/span><\/p>\n<p><span style=\"border-radius: 2px; text-indent: 20px; width: auto; padding: 0px 4px 0px 0px; text-align: center; font: bold 11px\/20px 'Helvetica Neue',Helvetica,sans-serif; color: #ffffff; background: #bd081c no-repeat scroll 3px 50% \/ 14px 14px; position: absolute; opacity: 1; z-index: 8675309; display: none; cursor: pointer;\">Enregistrer<\/span><\/p>\n<p><span style=\"border-radius: 2px; text-indent: 20px; width: auto; padding: 0px 4px 0px 0px; text-align: center; font: bold 11px\/20px 'Helvetica Neue',Helvetica,sans-serif; color: #ffffff; background: #bd081c no-repeat scroll 3px 50% \/ 14px 14px; position: absolute; opacity: 1; z-index: 8675309; display: none; cursor: pointer; top: 40px; left: 310px;\">Enregistrer<\/span><\/p>\n<p><span style=\"border-radius: 2px; text-indent: 20px; width: auto; padding: 0px 4px 0px 0px; text-align: center; font: bold 11px\/20px 'Helvetica Neue',Helvetica,sans-serif; color: #ffffff; background: #bd081c no-repeat scroll 3px 50% \/ 14px 14px; position: absolute; opacity: 1; z-index: 8675309; display: none; cursor: pointer;\">Enregistrer<\/span><\/p>\n<p><span style=\"border-radius: 2px; text-indent: 20px; width: auto; padding: 0px 4px 0px 0px; text-align: center; font: bold 11px\/20px 'Helvetica Neue',Helvetica,sans-serif; color: #ffffff; background: #bd081c no-repeat scroll 3px 50% \/ 14px 14px; position: absolute; opacity: 1; z-index: 8675309; display: none; cursor: pointer; top: 40px; left: 310px;\">Enregistrer<\/span><\/p>\n<p><span style=\"border-radius: 2px; text-indent: 20px; width: auto; padding: 0px 4px 0px 0px; text-align: center; font: bold 11px\/20px 'Helvetica Neue',Helvetica,sans-serif; color: #ffffff; background: #bd081c no-repeat scroll 3px 50% \/ 14px 14px; position: absolute; opacity: 1; z-index: 8675309; display: none; cursor: pointer;\">Enregistrer<\/span><\/p>\n<p><span style=\"border-radius: 2px; text-indent: 20px; width: auto; padding: 0px 4px 0px 0px; text-align: center; font: bold 11px\/20px 'Helvetica Neue',Helvetica,sans-serif; color: #ffffff; background: #bd081c no-repeat scroll 3px 50% \/ 14px 14px; position: absolute; opacity: 1; z-index: 8675309; display: none; cursor: pointer;\">Enregistrer<\/span><\/p>\n<p><span style=\"border-radius: 2px; text-indent: 20px; width: auto; padding: 0px 4px 0px 0px; text-align: center; font: bold 11px\/20px 'Helvetica Neue',Helvetica,sans-serif; color: #ffffff; background: #bd081c  no-repeat scroll 3px 50% \/ 14px 14px; position: absolute; opacity: 1; z-index: 8675309; display: none; cursor: pointer; top: 40px; left: 310px;\">Enregistrer<\/span><\/p>\n","protected":false},"excerpt":{"rendered":"<p>Bonjour, Je m&rsquo;appelle Anna, je suis une graphiste et illustratrice bas\u00e9e \u00e0 Paris. Je suis une passionn\u00e9e de [&hellip;]<\/p>\n","protected":false},"author":1,"featured_media":0,"parent":0,"menu_order":0,"comment_status":"closed","ping_status":"closed","template":"onecolumn-page.php","meta":[],"_links":{"self":[{"href":"http:\/\/annalubinski.com\/blog\/wp-json\/wp\/v2\/pages\/167"}],"collection":[{"href":"http:\/\/annalubinski.com\/blog\/wp-json\/wp\/v2\/pages"}],"about":[{"href":"http:\/\/annalubinski.com\/blog\/wp-json\/wp\/v2\/types\/page"}],"author":[{"embeddable":true,"href":"http:\/\/annalubinski.com\/blog\/wp-json\/wp\/v2\/users\/1"}],"replies":[{"embeddable":true,"href":"http:\/\/annalubinski.com\/blog\/wp-json\/wp\/v2\/comments?post=167"}],"version-history":[{"count":48,"href":"http:\/\/annalubinski.com\/blog\/wp-json\/wp\/v2\/pages\/167\/revisions"}],"predecessor-version":[{"id":2664,"href":"http:\/\/annalubinski.com\/blog\/wp-json\/wp\/v2\/pages\/167\/revisions\/2664"}],"wp:attachment":[{"href":"http:\/\/annalubinski.com\/blog\/wp-json\/wp\/v2\/media?parent=167"}],"curies":[{"name":"wp","href":"https:\/\/api.w.org\/{rel}","templated":true}]}}