{"id":11,"date":"2018-11-26T23:39:55","date_gmt":"2018-11-26T22:39:55","guid":{"rendered":"http:\/\/annalubinski.com\/blog\/portfolio-illustration\/?page_id=11"},"modified":"2021-12-08T18:41:24","modified_gmt":"2021-12-08T17:41:24","slug":"a-propos-about","status":"publish","type":"page","link":"https:\/\/annalubinski.com\/blog\/portfolio-illustration\/a-propos-about\/","title":{"rendered":"\u00c0 propos"},"content":{"rendered":"\n<figure class=\"wp-block-image size-full is-style-rounded\"><img decoding=\"async\" loading=\"lazy\" width=\"500\" height=\"500\" src=\"https:\/\/annalubinski.com\/blog\/portfolio-illustration\/wp-content\/uploads\/sites\/3\/2021\/12\/anna-lubinski-photo.jpg\" alt=\"\" class=\"wp-image-649\" srcset=\"https:\/\/annalubinski.com\/blog\/portfolio-illustration\/wp-content\/uploads\/sites\/3\/2021\/12\/anna-lubinski-photo.jpg 500w, https:\/\/annalubinski.com\/blog\/portfolio-illustration\/wp-content\/uploads\/sites\/3\/2021\/12\/anna-lubinski-photo-300x300.jpg 300w, https:\/\/annalubinski.com\/blog\/portfolio-illustration\/wp-content\/uploads\/sites\/3\/2021\/12\/anna-lubinski-photo-150x150.jpg 150w\" sizes=\"(max-width: 500px) 100vw, 500px\" \/><\/figure>\n\n\n\n<h3>Bonjour,<\/h3>\n\n\n\n<p>Je m&rsquo;appelle Anna Lubinski, je suis une graphiste et illustratrice bas\u00e9e \u00e0 Paris.<\/p>\n\n\n\n<p>Mon Bac en poche, j&rsquo;ai suivi une formation en graphisme multim\u00e9dia, \u00e0 la suite de laquelle, j&rsquo;ai acquis de l\u2019exp\u00e9rience dans le graphisme web et print.<\/p>\n\n\n\n<p>Quant \u00e0 l&rsquo;illustration, je suis autodidacte, je dessine depuis que je suis enfant. Je suis une passionn\u00e9e de l&rsquo;image.<br>J&rsquo;adore le cin\u00e9ma d&rsquo;animation et la bande dessin\u00e9e.<\/p>\n\n\n\n<p>Toutes les images pr\u00e9sentes sur mon site ainsi que sur mes diff\u00e9rents r\u00e9seaux sociaux ne sont pas libres de droit, merci de ne pas les utiliser sans mon autorisation.<\/p>\n\n\n\n<p>Vous pouvez me retrouver sur mes diff\u00e9rents r\u00e9seaux sociaux.<\/p>\n\n\n\n<p>A bient\u00f4t !<\/p>\n\n\n\n<h3><em>Hello,<\/em><\/h3>\n\n\n\n<p><em>My name is Anna Lubinski, I&rsquo;m a graphic designer and illustrator based in Paris.<\/em><\/p>\n\n\n\n<p><em>After high school, I&rsquo;ve been formed in multimedia graphics, after my diploma I gained experience in web design and graphic design.<\/em><\/p>\n\n\n\n<p><em>As for the illustration, I&rsquo;m a self-taught, I draw since I was a kid. I am passionate about pictures. I love animation and graphic novels.<\/em><\/p>\n\n\n\n<p><em>All the images on my site as well as on my various social networks are not free of rights, thank you not to use them without my permission.<\/em><\/p>\n\n\n\n<p><em>You can find me on my different social networks<\/em>.<\/p>\n\n\n\n<p><em>See you there!<\/em><\/p>\n","protected":false},"excerpt":{"rendered":"<p>Bonjour, Je m&rsquo;appelle Anna Lubinski, je suis une graphiste et illustratrice bas\u00e9e \u00e0 Paris. Mon Bac en poche, j&rsquo;ai suivi une formation en graphisme multim\u00e9dia, \u00e0 la suite de laquelle, j&rsquo;ai acquis de l\u2019exp\u00e9rience dans le graphisme web et print. Quant \u00e0 l&rsquo;illustration, je suis autodidacte, je dessine depuis que je suis enfant. Je suis [&hellip;]<\/p>\n","protected":false},"author":1,"featured_media":0,"parent":0,"menu_order":0,"comment_status":"closed","ping_status":"closed","template":"","meta":[],"_links":{"self":[{"href":"https:\/\/annalubinski.com\/blog\/portfolio-illustration\/wp-json\/wp\/v2\/pages\/11"}],"collection":[{"href":"https:\/\/annalubinski.com\/blog\/portfolio-illustration\/wp-json\/wp\/v2\/pages"}],"about":[{"href":"https:\/\/annalubinski.com\/blog\/portfolio-illustration\/wp-json\/wp\/v2\/types\/page"}],"author":[{"embeddable":true,"href":"https:\/\/annalubinski.com\/blog\/portfolio-illustration\/wp-json\/wp\/v2\/users\/1"}],"replies":[{"embeddable":true,"href":"https:\/\/annalubinski.com\/blog\/portfolio-illustration\/wp-json\/wp\/v2\/comments?post=11"}],"version-history":[{"count":30,"href":"https:\/\/annalubinski.com\/blog\/portfolio-illustration\/wp-json\/wp\/v2\/pages\/11\/revisions"}],"predecessor-version":[{"id":670,"href":"https:\/\/annalubinski.com\/blog\/portfolio-illustration\/wp-json\/wp\/v2\/pages\/11\/revisions\/670"}],"wp:attachment":[{"href":"https:\/\/annalubinski.com\/blog\/portfolio-illustration\/wp-json\/wp\/v2\/media?parent=11"}],"curies":[{"name":"wp","href":"https:\/\/api.w.org\/{rel}","templated":true}]}}