{"id":50,"date":"2018-11-27T17:10:40","date_gmt":"2018-11-27T16:10:40","guid":{"rendered":"http:\/\/annalubinski.com\/blog\/portfolio-illustration\/?page_id=50"},"modified":"2026-01-15T13:32:23","modified_gmt":"2026-01-15T12:32:23","slug":"parutions","status":"publish","type":"page","link":"https:\/\/annalubinski.com\/blog\/portfolio-illustration\/parutions\/","title":{"rendered":"Parutions"},"content":{"rendered":"\n<h3>2025<\/h3>\n\n\n\n<p><a href=\"https:\/\/www.editions-eyrolles.com\/livre\/chaussettes-de-noel-a-tricoter\" target=\"_blank\" rel=\"noreferrer noopener\">Chaussettes de No\u00ebl \u00e0 tricoter<\/a> &#8211; \u00c9ditions Eyrolles<\/p>\n\n\n\n<h3>2021<\/h3>\n\n\n\n<p><a href=\"https:\/\/www.glenat.com\/coloriages-et-activites\/fruits-et-legumes-9782344048023\" target=\"_blank\" rel=\"noreferrer noopener\">Fruits et l\u00e9gumes, 40 recettes pour les aimer toutes l&rsquo;ann\u00e9e<\/a> &#8211;  \u00c9ditions Gl\u00e9nat<br><br><a rel=\"noreferrer noopener\" href=\"https:\/\/www.fleuruseditions.com\/9782215175971-delicieux-desserts-pour-les-enfants-group.html\" target=\"_blank\">D\u00e9licieux desserts pour les enfants<\/a> \u2013 \u00c9ditions Fleurus<br><br><a rel=\"noreferrer noopener\" href=\"https:\/\/www.eyrolles.com\/Arts-Loisirs\/Livre\/french-tricot-9782416000218\/\" target=\"_blank\">French tricot<\/a> &#8211; \u00c9ditions Eyrolles<\/p>\n\n\n\n<h3>2020<\/h3>\n\n\n\n<p><a href=\"http:\/\/www.editions-jungle.com\/miss-jungle\/tes-bd\/ursula\/ursula.html\" target=\"_blank\" rel=\"noreferrer noopener\">Ursula<\/a> ( coloriste) &#8211; Miss Jungle\n\n<\/p>\n\n\n\n<p><a rel=\"noreferrer noopener\" aria-label=\" (s\u2019ouvre dans un nouvel onglet)\" href=\"https:\/\/www.fleuruseditions.com\/9782215172635-vis-une-annee-sans-plastique-52-missions.html\" target=\"_blank\">Vis une ann\u00e9e sans plastique!<\/a> &#8211;  \u00c9ditions Fleurus<br><br><a rel=\"noreferrer noopener\" aria-label=\"La petite marchande d\u2019\u0153ufs (s\u2019ouvre dans un nouvel onglet)\" href=\"https:\/\/www.manon-magazine.com\/sommaires\/la-petite-marchande-doeufs?annee=2020\" target=\"_blank\">La petite marchande d\u2019\u0153ufs<\/a> &#8211; Magazine Manon &#8211; Milan Presse<br> <br><a rel=\"noreferrer noopener\" aria-label=\"Essentiels tricot (s\u2019ouvre dans un nouvel onglet)\" href=\"https:\/\/www.editions-eyrolles.com\/Livre\/9782212678826\/essentiels-tricot\" target=\"_blank\">Essentiels tricot<\/a> &#8211;  \u00c9ditions Eyrolles <\/p>\n\n\n\n<h3>2019<\/h3>\n\n\n\n<p><a href=\"https:\/\/www.eyrolles.com\/Loisirs\/Livre\/fiches-couture-pour-petites-mains-9782212678536\/\" target=\"_blank\" rel=\"noreferrer noopener\" aria-label=\" (s\u2019ouvre dans un nouvel onglet)\">Fiches couture pour petites mains<\/a> &#8211; \u00c9ditions Eyrolles<\/p>\n\n\n\n<p><a rel=\"noreferrer noopener\" aria-label=\"Le Larousse junior des jeux (s\u2019ouvre dans un nouvel onglet)\" href=\"https:\/\/www.editions-larousse.fr\/livre\/le-larousse-junior-des-jeux-9782035961488\" target=\"_blank\">Le Larousse junior des jeux<\/a> &#8211;  \u00c9ditions Larousse <\/p>\n\n\n\n<h3>2018<\/h3>\n\n\n\n<p><a href=\"http:\/\/www.editions-larousse.fr\/livre\/les-chevaliers-9782035952547\" target=\"_blank\" rel=\"noopener noreferrer\">L&rsquo;encyclop\u00e9die des petits, les chevaliers<\/a> &#8211; \u00c9ditions Larousse<\/p>\n\n\n\n<p><a href=\"http:\/\/www.editions-larousse.fr\/livre\/vanina-la-pire-des-pirates-9782035949110\" target=\"_blank\" rel=\"noopener noreferrer\">Vanina, la pire des pirates<\/a> &#8211; \u00c9ditions Larousse<\/p>\n","protected":false},"excerpt":{"rendered":"<p>2025 Chaussettes de No\u00ebl \u00e0 tricoter &#8211; \u00c9ditions Eyrolles 2021 Fruits et l\u00e9gumes, 40 recettes pour les aimer toutes l&rsquo;ann\u00e9e &#8211; \u00c9ditions Gl\u00e9nat D\u00e9licieux desserts pour les enfants \u2013 \u00c9ditions Fleurus French tricot &#8211; \u00c9ditions Eyrolles 2020 Ursula ( coloriste) &#8211; Miss Jungle Vis une ann\u00e9e sans plastique! &#8211; \u00c9ditions Fleurus La petite marchande d\u2019\u0153ufs [&hellip;]<\/p>\n","protected":false},"author":1,"featured_media":0,"parent":0,"menu_order":0,"comment_status":"closed","ping_status":"closed","template":"","meta":[],"_links":{"self":[{"href":"https:\/\/annalubinski.com\/blog\/portfolio-illustration\/wp-json\/wp\/v2\/pages\/50"}],"collection":[{"href":"https:\/\/annalubinski.com\/blog\/portfolio-illustration\/wp-json\/wp\/v2\/pages"}],"about":[{"href":"https:\/\/annalubinski.com\/blog\/portfolio-illustration\/wp-json\/wp\/v2\/types\/page"}],"author":[{"embeddable":true,"href":"https:\/\/annalubinski.com\/blog\/portfolio-illustration\/wp-json\/wp\/v2\/users\/1"}],"replies":[{"embeddable":true,"href":"https:\/\/annalubinski.com\/blog\/portfolio-illustration\/wp-json\/wp\/v2\/comments?post=50"}],"version-history":[{"count":18,"href":"https:\/\/annalubinski.com\/blog\/portfolio-illustration\/wp-json\/wp\/v2\/pages\/50\/revisions"}],"predecessor-version":[{"id":729,"href":"https:\/\/annalubinski.com\/blog\/portfolio-illustration\/wp-json\/wp\/v2\/pages\/50\/revisions\/729"}],"wp:attachment":[{"href":"https:\/\/annalubinski.com\/blog\/portfolio-illustration\/wp-json\/wp\/v2\/media?parent=50"}],"curies":[{"name":"wp","href":"https:\/\/api.w.org\/{rel}","templated":true}]}}